{"id":217,"date":"2018-06-11T15:03:01","date_gmt":"2018-06-11T13:03:01","guid":{"rendered":"https:\/\/www.fietsmenu.nl\/?page_id=217\/"},"modified":"2018-06-12T15:42:22","modified_gmt":"2018-06-12T13:42:22","slug":"fietsmenu","status":"publish","type":"page","link":"https:\/\/www.fietsmenu.nl\/de\/","title":{"rendered":"Fietsmenu \u2013 Das Fahrradmen\u00fc"},"content":{"rendered":"<p>Kulinarische Radtouren durch das Groninger Land: genie\u00dfen Sie die wundersch\u00f6ne Landschaft, die weitl\u00e4ufige Aussicht, unterwegs ein gem\u00fctliches Picknick und als kr\u00f6nender Abschluss ein herrliches, ehrliches biologische Diner. So l\u00e4sst sich Fietsmenu.nl in wenigen Worten beschreiben.<\/p>\n<p><strong>Empfang<\/strong><br \/>\nSie werden mit einer Tasse echtem Tiktak Max Havelaar \u00d6ko-Kaffee aus Groningen und hausgemachtem Biogeb\u00e4ck empfangen, eine feste Grundlage f\u00fcr eine fantastische Radtour. Sie w\u00e4hlen eine der verschiedenen sch\u00f6nen Radtouren aus und machen sich mit einer Routenbeschreibung und der Fietsmenu-K\u00fchltasche mit k\u00f6stlichen Bio-Produkten aus der Region f\u00fcr eine kleine St\u00e4rkung zwischendurch auf den Weg.<\/p>\n<p>Nach der Tour genie\u00dfen Sie ein gesundes, gutes 3-G\u00e4nge-Men\u00fc, wobei Sie stets die Auswahl zwischen Fleisch, Fisch und vegetarisch haben!<\/p>\n<p><strong>Betriebsausflug<\/strong><br \/>\nNutzen Sie Fietsmenu f\u00fcr einen einzigartigen Betriebsausflug in der Provinz Groningen. Zusammen mit Ihren Kolleginnen und Kollegen, der Routenbeschreibung, der gef\u00fcllten Fietsmenu-K\u00fchltasche und einem guten Richtungsgef\u00fchl machen Sie sich auf den Weg. So entdecken Sie auf sportliche Weise einen besonderen Teil der n\u00f6rdlichsten Provinz der Niederlande.<\/p>\n<p>M\u00f6chten Sie f\u00fcr eine gro\u00dfe Gruppe Fahrr\u00e4der ausleihen? Eine kurze Mitteilung gen\u00fcgt, und wir sorgen daf\u00fcr, dass genug Fahrr\u00e4der zur Verf\u00fcgung stehen.<\/p>\n<p><strong>Geschenkgutschein<\/strong><br \/>\n\u00dcberraschen Sie Ihre Familie, Freunde oder Gesch\u00e4ftspartner mit einem nicht allt\u00e4glichen Geschenk: dem Fietsmenu-Geschenkgutschein! Die Gutscheine im Wert von 39,95\u00a0\u20ac bestellen Sie einfach auf <a href=\"mailto:info@fietsmenu.nl\">info@fietsmenu.nl<\/a>.<\/p>\n<p>Sie haben Lust auf einen Tag auf dem Rad mit der Familie, den Freundinnen oder Freunden oder einfach zu zweit?\u00a0Buchen Sie jetzt dieses besondere Arrangement, per E-Mail an <a href=\"mailto:info@fietsmenu.nl\" target=\"_blank\" rel=\"noopener\">info@fietsmenu.nl<\/a> oder telefonisch unter ( +31(0)595-571598 | +31(0)6-33319752).<\/p>\n<p>Folgen Sie uns auf\u00a0<a href=\"https:\/\/twitter.com\/Fietsmenu\" target=\"_blank\" rel=\"noopener\">Twitter<\/a>.<\/p>\n","protected":false},"excerpt":{"rendered":"<p>Kulinarische Radtouren durch das Groninger Land: genie\u00dfen Sie die wundersch\u00f6ne Landschaft, die weitl\u00e4ufige Aussicht, unterwegs ein gem\u00fctliches Picknick und als kr\u00f6nender Abschluss ein herrliches, ehrliches biologische Diner. So l\u00e4sst sich Fietsmenu.nl in wenigen Worten beschreiben. Empfang Sie werden mit einer Tasse echtem Tiktak Max Havelaar \u00d6ko-Kaffee aus Groningen und hausgemachtem Biogeb\u00e4ck empfangen, eine feste Grundlage [&hellip;]<\/p>\n","protected":false},"author":1,"featured_media":9,"parent":0,"menu_order":0,"comment_status":"closed","ping_status":"closed","template":"","meta":{"footnotes":""},"class_list":["post-217","page","type-page","status-publish","has-post-thumbnail","hentry"],"yoast_head":"<!-- This site is optimized with the Yoast SEO plugin v27.5 - https:\/\/yoast.com\/product\/yoast-seo-wordpress\/ -->\n<title>Fietsmenu \u2013 Das Fahrradmen\u00fc - Fietsmenu<\/title>\n<meta name=\"robots\" content=\"index, follow, max-snippet:-1, max-image-preview:large, max-video-preview:-1\" \/>\n<link rel=\"canonical\" href=\"https:\/\/www.fietsmenu.nl\/de\/\" \/>\n<meta property=\"og:locale\" content=\"de_DE\" \/>\n<meta property=\"og:type\" content=\"article\" \/>\n<meta property=\"og:title\" content=\"Fietsmenu \u2013 Das Fahrradmen\u00fc - Fietsmenu\" \/>\n<meta property=\"og:description\" content=\"Kulinarische Radtouren durch das Groninger Land: genie\u00dfen Sie die wundersch\u00f6ne Landschaft, die weitl\u00e4ufige Aussicht, unterwegs ein gem\u00fctliches Picknick und als kr\u00f6nender Abschluss ein herrliches, ehrliches biologische Diner. So l\u00e4sst sich Fietsmenu.nl in wenigen Worten beschreiben. Empfang Sie werden mit einer Tasse echtem Tiktak Max Havelaar \u00d6ko-Kaffee aus Groningen und hausgemachtem Biogeb\u00e4ck empfangen, eine feste Grundlage [&hellip;]\" \/>\n<meta property=\"og:url\" content=\"https:\/\/www.fietsmenu.nl\/de\/\" \/>\n<meta property=\"og:site_name\" content=\"Fietsmenu\" \/>\n<meta property=\"article:modified_time\" content=\"2018-06-12T13:42:22+00:00\" \/>\n<meta property=\"og:image\" content=\"https:\/\/www.fietsmenu.nl\/wp-content\/uploads\/2017\/02\/header_04.jpg\" \/>\n\t<meta property=\"og:image:width\" content=\"1030\" \/>\n\t<meta property=\"og:image:height\" content=\"300\" \/>\n\t<meta property=\"og:image:type\" content=\"image\/jpeg\" \/>\n<meta name=\"twitter:card\" content=\"summary_large_image\" \/>\n<meta name=\"twitter:label1\" content=\"Gesch\u00e4tzte Lesezeit\" \/>\n\t<meta name=\"twitter:data1\" content=\"1\u00a0Minute\" \/>\n<script type=\"application\/ld+json\" class=\"yoast-schema-graph\">{\"@context\":\"https:\\\/\\\/schema.org\",\"@graph\":[{\"@type\":\"WebPage\",\"@id\":\"https:\\\/\\\/www.fietsmenu.nl\\\/de\\\/\",\"url\":\"https:\\\/\\\/www.fietsmenu.nl\\\/de\\\/\",\"name\":\"Fietsmenu \u2013 Das Fahrradmen\u00fc - Fietsmenu\",\"isPartOf\":{\"@id\":\"https:\\\/\\\/www.fietsmenu.nl\\\/de\\\/#website\"},\"primaryImageOfPage\":{\"@id\":\"https:\\\/\\\/www.fietsmenu.nl\\\/de\\\/#primaryimage\"},\"image\":{\"@id\":\"https:\\\/\\\/www.fietsmenu.nl\\\/de\\\/#primaryimage\"},\"thumbnailUrl\":\"https:\\\/\\\/www.fietsmenu.nl\\\/wp-content\\\/uploads\\\/2017\\\/02\\\/header_04.jpg\",\"datePublished\":\"2018-06-11T13:03:01+00:00\",\"dateModified\":\"2018-06-12T13:42:22+00:00\",\"breadcrumb\":{\"@id\":\"https:\\\/\\\/www.fietsmenu.nl\\\/de\\\/#breadcrumb\"},\"inLanguage\":\"de\",\"potentialAction\":[{\"@type\":\"ReadAction\",\"target\":[\"https:\\\/\\\/www.fietsmenu.nl\\\/de\\\/\"]}]},{\"@type\":\"ImageObject\",\"inLanguage\":\"de\",\"@id\":\"https:\\\/\\\/www.fietsmenu.nl\\\/de\\\/#primaryimage\",\"url\":\"https:\\\/\\\/www.fietsmenu.nl\\\/wp-content\\\/uploads\\\/2017\\\/02\\\/header_04.jpg\",\"contentUrl\":\"https:\\\/\\\/www.fietsmenu.nl\\\/wp-content\\\/uploads\\\/2017\\\/02\\\/header_04.jpg\",\"width\":1030,\"height\":300,\"caption\":\"Fietsen langs het Reitdiep\"},{\"@type\":\"BreadcrumbList\",\"@id\":\"https:\\\/\\\/www.fietsmenu.nl\\\/de\\\/#breadcrumb\",\"itemListElement\":[{\"@type\":\"ListItem\",\"position\":1,\"name\":\"Home\",\"item\":\"https:\\\/\\\/www.fietsmenu.nl\\\/de\\\/\"},{\"@type\":\"ListItem\",\"position\":2,\"name\":\"Fietsmenu \u2013 Das Fahrradmen\u00fc\"}]},{\"@type\":\"WebSite\",\"@id\":\"https:\\\/\\\/www.fietsmenu.nl\\\/de\\\/#website\",\"url\":\"https:\\\/\\\/www.fietsmenu.nl\\\/de\\\/\",\"name\":\"Fietsmenu\",\"description\":\"Lekker fietsen door het Groninger land\",\"publisher\":{\"@id\":\"https:\\\/\\\/www.fietsmenu.nl\\\/de\\\/#organization\"},\"potentialAction\":[{\"@type\":\"SearchAction\",\"target\":{\"@type\":\"EntryPoint\",\"urlTemplate\":\"https:\\\/\\\/www.fietsmenu.nl\\\/de\\\/?s={search_term_string}\"},\"query-input\":{\"@type\":\"PropertyValueSpecification\",\"valueRequired\":true,\"valueName\":\"search_term_string\"}}],\"inLanguage\":\"de\"},{\"@type\":\"Organization\",\"@id\":\"https:\\\/\\\/www.fietsmenu.nl\\\/de\\\/#organization\",\"name\":\"Fietsmenu\",\"url\":\"https:\\\/\\\/www.fietsmenu.nl\\\/de\\\/\",\"logo\":{\"@type\":\"ImageObject\",\"inLanguage\":\"de\",\"@id\":\"https:\\\/\\\/www.fietsmenu.nl\\\/de\\\/#\\\/schema\\\/logo\\\/image\\\/\",\"url\":\"https:\\\/\\\/www.fietsmenu.nl\\\/wp-content\\\/uploads\\\/2017\\\/02\\\/logo_fietsmenu_kl.jpg\",\"contentUrl\":\"https:\\\/\\\/www.fietsmenu.nl\\\/wp-content\\\/uploads\\\/2017\\\/02\\\/logo_fietsmenu_kl.jpg\",\"width\":448,\"height\":110,\"caption\":\"Fietsmenu\"},\"image\":{\"@id\":\"https:\\\/\\\/www.fietsmenu.nl\\\/de\\\/#\\\/schema\\\/logo\\\/image\\\/\"}}]}<\/script>\n<!-- \/ Yoast SEO plugin. -->","yoast_head_json":{"title":"Fietsmenu \u2013 Das Fahrradmen\u00fc - Fietsmenu","robots":{"index":"index","follow":"follow","max-snippet":"max-snippet:-1","max-image-preview":"max-image-preview:large","max-video-preview":"max-video-preview:-1"},"canonical":"https:\/\/www.fietsmenu.nl\/de\/","og_locale":"de_DE","og_type":"article","og_title":"Fietsmenu \u2013 Das Fahrradmen\u00fc - Fietsmenu","og_description":"Kulinarische Radtouren durch das Groninger Land: genie\u00dfen Sie die wundersch\u00f6ne Landschaft, die weitl\u00e4ufige Aussicht, unterwegs ein gem\u00fctliches Picknick und als kr\u00f6nender Abschluss ein herrliches, ehrliches biologische Diner. So l\u00e4sst sich Fietsmenu.nl in wenigen Worten beschreiben. Empfang Sie werden mit einer Tasse echtem Tiktak Max Havelaar \u00d6ko-Kaffee aus Groningen und hausgemachtem Biogeb\u00e4ck empfangen, eine feste Grundlage [&hellip;]","og_url":"https:\/\/www.fietsmenu.nl\/de\/","og_site_name":"Fietsmenu","article_modified_time":"2018-06-12T13:42:22+00:00","og_image":[{"width":1030,"height":300,"url":"https:\/\/www.fietsmenu.nl\/wp-content\/uploads\/2017\/02\/header_04.jpg","type":"image\/jpeg"}],"twitter_card":"summary_large_image","twitter_misc":{"Gesch\u00e4tzte Lesezeit":"1\u00a0Minute"},"schema":{"@context":"https:\/\/schema.org","@graph":[{"@type":"WebPage","@id":"https:\/\/www.fietsmenu.nl\/de\/","url":"https:\/\/www.fietsmenu.nl\/de\/","name":"Fietsmenu \u2013 Das Fahrradmen\u00fc - Fietsmenu","isPartOf":{"@id":"https:\/\/www.fietsmenu.nl\/de\/#website"},"primaryImageOfPage":{"@id":"https:\/\/www.fietsmenu.nl\/de\/#primaryimage"},"image":{"@id":"https:\/\/www.fietsmenu.nl\/de\/#primaryimage"},"thumbnailUrl":"https:\/\/www.fietsmenu.nl\/wp-content\/uploads\/2017\/02\/header_04.jpg","datePublished":"2018-06-11T13:03:01+00:00","dateModified":"2018-06-12T13:42:22+00:00","breadcrumb":{"@id":"https:\/\/www.fietsmenu.nl\/de\/#breadcrumb"},"inLanguage":"de","potentialAction":[{"@type":"ReadAction","target":["https:\/\/www.fietsmenu.nl\/de\/"]}]},{"@type":"ImageObject","inLanguage":"de","@id":"https:\/\/www.fietsmenu.nl\/de\/#primaryimage","url":"https:\/\/www.fietsmenu.nl\/wp-content\/uploads\/2017\/02\/header_04.jpg","contentUrl":"https:\/\/www.fietsmenu.nl\/wp-content\/uploads\/2017\/02\/header_04.jpg","width":1030,"height":300,"caption":"Fietsen langs het Reitdiep"},{"@type":"BreadcrumbList","@id":"https:\/\/www.fietsmenu.nl\/de\/#breadcrumb","itemListElement":[{"@type":"ListItem","position":1,"name":"Home","item":"https:\/\/www.fietsmenu.nl\/de\/"},{"@type":"ListItem","position":2,"name":"Fietsmenu \u2013 Das Fahrradmen\u00fc"}]},{"@type":"WebSite","@id":"https:\/\/www.fietsmenu.nl\/de\/#website","url":"https:\/\/www.fietsmenu.nl\/de\/","name":"Fietsmenu","description":"Lekker fietsen door het Groninger land","publisher":{"@id":"https:\/\/www.fietsmenu.nl\/de\/#organization"},"potentialAction":[{"@type":"SearchAction","target":{"@type":"EntryPoint","urlTemplate":"https:\/\/www.fietsmenu.nl\/de\/?s={search_term_string}"},"query-input":{"@type":"PropertyValueSpecification","valueRequired":true,"valueName":"search_term_string"}}],"inLanguage":"de"},{"@type":"Organization","@id":"https:\/\/www.fietsmenu.nl\/de\/#organization","name":"Fietsmenu","url":"https:\/\/www.fietsmenu.nl\/de\/","logo":{"@type":"ImageObject","inLanguage":"de","@id":"https:\/\/www.fietsmenu.nl\/de\/#\/schema\/logo\/image\/","url":"https:\/\/www.fietsmenu.nl\/wp-content\/uploads\/2017\/02\/logo_fietsmenu_kl.jpg","contentUrl":"https:\/\/www.fietsmenu.nl\/wp-content\/uploads\/2017\/02\/logo_fietsmenu_kl.jpg","width":448,"height":110,"caption":"Fietsmenu"},"image":{"@id":"https:\/\/www.fietsmenu.nl\/de\/#\/schema\/logo\/image\/"}}]}},"_links":{"self":[{"href":"https:\/\/www.fietsmenu.nl\/de\/wp-json\/wp\/v2\/pages\/217","targetHints":{"allow":["GET"]}}],"collection":[{"href":"https:\/\/www.fietsmenu.nl\/de\/wp-json\/wp\/v2\/pages"}],"about":[{"href":"https:\/\/www.fietsmenu.nl\/de\/wp-json\/wp\/v2\/types\/page"}],"author":[{"embeddable":true,"href":"https:\/\/www.fietsmenu.nl\/de\/wp-json\/wp\/v2\/users\/1"}],"replies":[{"embeddable":true,"href":"https:\/\/www.fietsmenu.nl\/de\/wp-json\/wp\/v2\/comments?post=217"}],"version-history":[{"count":5,"href":"https:\/\/www.fietsmenu.nl\/de\/wp-json\/wp\/v2\/pages\/217\/revisions"}],"predecessor-version":[{"id":222,"href":"https:\/\/www.fietsmenu.nl\/de\/wp-json\/wp\/v2\/pages\/217\/revisions\/222"}],"wp:featuredmedia":[{"embeddable":true,"href":"https:\/\/www.fietsmenu.nl\/de\/wp-json\/wp\/v2\/media\/9"}],"wp:attachment":[{"href":"https:\/\/www.fietsmenu.nl\/de\/wp-json\/wp\/v2\/media?parent=217"}],"curies":[{"name":"wp","href":"https:\/\/api.w.org\/{rel}","templated":true}]}}