{"id":225,"date":"2018-06-15T12:23:16","date_gmt":"2018-06-15T10:23:16","guid":{"rendered":"https:\/\/www.fietsmenu.nl\/?page_id=225\/"},"modified":"2018-06-15T12:23:57","modified_gmt":"2018-06-15T10:23:57","slug":"information","status":"publish","type":"page","link":"https:\/\/www.fietsmenu.nl\/de\/information\/","title":{"rendered":"Information"},"content":{"rendered":"<p><strong>Ausgangspunkt<\/strong><br \/>\nAlle Routen beginnen und enden bei der Gastst\u00e4tte <a href=\"http:\/\/www.roodehaan.com\/\" target=\"_blank\" rel=\"noopener\">Roodehaan eten &amp; drinken &amp; camping<\/a>, am Roodehaansterweg 9 in 9963 TC Warfhuizen (17 km n\u00f6rdlich von Groningen).<\/p>\n<p>Die Radtouren werden vom 2. Mai bis 29. September 2018 angeboten und starten ab 11.00 Uhr (andere Startzeiten nach Absprache).<\/p>\n<p><strong>Fahrradverleih<\/strong><\/p>\n<p>Alle Touren k\u00f6nnen Sie mit Ihrem eigenen Rad fahren. Es ist aber auch m\u00f6glich, bei Fietsmenu ein Fahrrad mit Gangschaltung, ein Tandem oder ein E-Bike zu leihen. Die Tagespreise betragen:<\/p>\n<p>Fahrrad mit Gangschaltung 8,-\u00a0\u20ac<\/p>\n<p>Tandem 12,-\u00a0\u20ac<\/p>\n<p>E-Bike 20,-\u00a0\u20ac<\/p>\n<p><span style=\"color: #333399;\"><a style=\"color: #333399;\" href=\"http:\/\/www.guikemarijwielhandel.nl\/\">Fahrradgesch\u00e4ft Rijwielhandel Guikema<\/a><\/span><\/p>\n<p><strong>Kosten<\/strong><\/p>\n<ul>\n<li>F\u00fcr das Komplettarrangement zahlen Sie pro Person einen Festpreis von 39,95\u00a0\u20ac, inklusive 3-G\u00e4nge-Men\u00fc.<\/li>\n<li>F\u00fcr Kinder (bis 14 J.) bel\u00e4uft sich der Preis auf 29,95\u00a0\u20ac pro Kind.<\/li>\n<\/ul>\n<p>Darin inbegriffen sind: Kaffee und Kuchen, der Picknickkorb f\u00fcr unterwegs und das 3-G\u00e4nge-Men\u00fc nach der Tour.<\/p>\n<p>Nicht inbegriffen sind der zus\u00e4tzliche Verzehr und der Leihfahrr\u00e4der. Das Reifen-Reparaturset und die K\u00fchltasche werden an Sie ausgeliehen und k\u00f6nnen nach der Tour zur\u00fcckgegeben werden.<\/p>\n<p><strong>Buchen<\/strong><br \/>\nSie k\u00f6nnen Ihre Fietsmenu-Radtour \u00fcber info@fietsmenu.nl oder telefonisch bei Roodehaan (+31-(0)595-571598) buchen.<\/p>\n","protected":false},"excerpt":{"rendered":"<p>Ausgangspunkt Alle Routen beginnen und enden bei der Gastst\u00e4tte Roodehaan eten &amp; drinken &amp; camping, am Roodehaansterweg 9 in 9963 TC Warfhuizen (17 km n\u00f6rdlich von Groningen). Die Radtouren werden vom 2. Mai bis 29. September 2018 angeboten und starten ab 11.00 Uhr (andere Startzeiten nach Absprache). Fahrradverleih Alle Touren k\u00f6nnen Sie mit Ihrem eigenen [&hellip;]<\/p>\n","protected":false},"author":1,"featured_media":41,"parent":0,"menu_order":0,"comment_status":"closed","ping_status":"closed","template":"","meta":{"footnotes":""},"class_list":["post-225","page","type-page","status-publish","has-post-thumbnail","hentry"],"yoast_head":"<!-- This site is optimized with the Yoast SEO plugin v27.5 - https:\/\/yoast.com\/product\/yoast-seo-wordpress\/ -->\n<title>Information - Fietsmenu<\/title>\n<meta name=\"robots\" content=\"index, follow, max-snippet:-1, max-image-preview:large, max-video-preview:-1\" \/>\n<link rel=\"canonical\" href=\"https:\/\/www.fietsmenu.nl\/de\/information\/\" \/>\n<meta property=\"og:locale\" content=\"de_DE\" \/>\n<meta property=\"og:type\" content=\"article\" \/>\n<meta property=\"og:title\" content=\"Information - Fietsmenu\" \/>\n<meta property=\"og:description\" content=\"Ausgangspunkt Alle Routen beginnen und enden bei der Gastst\u00e4tte Roodehaan eten &amp; drinken &amp; camping, am Roodehaansterweg 9 in 9963 TC Warfhuizen (17 km n\u00f6rdlich von Groningen). Die Radtouren werden vom 2. Mai bis 29. September 2018 angeboten und starten ab 11.00 Uhr (andere Startzeiten nach Absprache). Fahrradverleih Alle Touren k\u00f6nnen Sie mit Ihrem eigenen [&hellip;]\" \/>\n<meta property=\"og:url\" content=\"https:\/\/www.fietsmenu.nl\/de\/information\/\" \/>\n<meta property=\"og:site_name\" content=\"Fietsmenu\" \/>\n<meta property=\"article:modified_time\" content=\"2018-06-15T10:23:57+00:00\" \/>\n<meta property=\"og:image\" content=\"https:\/\/www.fietsmenu.nl\/wp-content\/uploads\/2017\/02\/header_03.jpg\" \/>\n\t<meta property=\"og:image:width\" content=\"1030\" \/>\n\t<meta property=\"og:image:height\" content=\"300\" \/>\n\t<meta property=\"og:image:type\" content=\"image\/jpeg\" \/>\n<meta name=\"twitter:card\" content=\"summary_large_image\" \/>\n<meta name=\"twitter:label1\" content=\"Gesch\u00e4tzte Lesezeit\" \/>\n\t<meta name=\"twitter:data1\" content=\"1\u00a0Minute\" \/>\n<script type=\"application\/ld+json\" class=\"yoast-schema-graph\">{\"@context\":\"https:\\\/\\\/schema.org\",\"@graph\":[{\"@type\":\"WebPage\",\"@id\":\"https:\\\/\\\/www.fietsmenu.nl\\\/de\\\/information\\\/\",\"url\":\"https:\\\/\\\/www.fietsmenu.nl\\\/de\\\/information\\\/\",\"name\":\"Information - Fietsmenu\",\"isPartOf\":{\"@id\":\"https:\\\/\\\/www.fietsmenu.nl\\\/de\\\/#website\"},\"primaryImageOfPage\":{\"@id\":\"https:\\\/\\\/www.fietsmenu.nl\\\/de\\\/information\\\/#primaryimage\"},\"image\":{\"@id\":\"https:\\\/\\\/www.fietsmenu.nl\\\/de\\\/information\\\/#primaryimage\"},\"thumbnailUrl\":\"https:\\\/\\\/www.fietsmenu.nl\\\/wp-content\\\/uploads\\\/2017\\\/02\\\/header_03.jpg\",\"datePublished\":\"2018-06-15T10:23:16+00:00\",\"dateModified\":\"2018-06-15T10:23:57+00:00\",\"breadcrumb\":{\"@id\":\"https:\\\/\\\/www.fietsmenu.nl\\\/de\\\/information\\\/#breadcrumb\"},\"inLanguage\":\"de\",\"potentialAction\":[{\"@type\":\"ReadAction\",\"target\":[\"https:\\\/\\\/www.fietsmenu.nl\\\/de\\\/information\\\/\"]}]},{\"@type\":\"ImageObject\",\"inLanguage\":\"de\",\"@id\":\"https:\\\/\\\/www.fietsmenu.nl\\\/de\\\/information\\\/#primaryimage\",\"url\":\"https:\\\/\\\/www.fietsmenu.nl\\\/wp-content\\\/uploads\\\/2017\\\/02\\\/header_03.jpg\",\"contentUrl\":\"https:\\\/\\\/www.fietsmenu.nl\\\/wp-content\\\/uploads\\\/2017\\\/02\\\/header_03.jpg\",\"width\":1030,\"height\":300},{\"@type\":\"BreadcrumbList\",\"@id\":\"https:\\\/\\\/www.fietsmenu.nl\\\/de\\\/information\\\/#breadcrumb\",\"itemListElement\":[{\"@type\":\"ListItem\",\"position\":1,\"name\":\"Home\",\"item\":\"https:\\\/\\\/www.fietsmenu.nl\\\/de\\\/\"},{\"@type\":\"ListItem\",\"position\":2,\"name\":\"Information\"}]},{\"@type\":\"WebSite\",\"@id\":\"https:\\\/\\\/www.fietsmenu.nl\\\/de\\\/#website\",\"url\":\"https:\\\/\\\/www.fietsmenu.nl\\\/de\\\/\",\"name\":\"Fietsmenu\",\"description\":\"Lekker fietsen door het Groninger land\",\"publisher\":{\"@id\":\"https:\\\/\\\/www.fietsmenu.nl\\\/de\\\/#organization\"},\"potentialAction\":[{\"@type\":\"SearchAction\",\"target\":{\"@type\":\"EntryPoint\",\"urlTemplate\":\"https:\\\/\\\/www.fietsmenu.nl\\\/de\\\/?s={search_term_string}\"},\"query-input\":{\"@type\":\"PropertyValueSpecification\",\"valueRequired\":true,\"valueName\":\"search_term_string\"}}],\"inLanguage\":\"de\"},{\"@type\":\"Organization\",\"@id\":\"https:\\\/\\\/www.fietsmenu.nl\\\/de\\\/#organization\",\"name\":\"Fietsmenu\",\"url\":\"https:\\\/\\\/www.fietsmenu.nl\\\/de\\\/\",\"logo\":{\"@type\":\"ImageObject\",\"inLanguage\":\"de\",\"@id\":\"https:\\\/\\\/www.fietsmenu.nl\\\/de\\\/#\\\/schema\\\/logo\\\/image\\\/\",\"url\":\"https:\\\/\\\/www.fietsmenu.nl\\\/wp-content\\\/uploads\\\/2017\\\/02\\\/logo_fietsmenu_kl.jpg\",\"contentUrl\":\"https:\\\/\\\/www.fietsmenu.nl\\\/wp-content\\\/uploads\\\/2017\\\/02\\\/logo_fietsmenu_kl.jpg\",\"width\":448,\"height\":110,\"caption\":\"Fietsmenu\"},\"image\":{\"@id\":\"https:\\\/\\\/www.fietsmenu.nl\\\/de\\\/#\\\/schema\\\/logo\\\/image\\\/\"}}]}<\/script>\n<!-- \/ Yoast SEO plugin. -->","yoast_head_json":{"title":"Information - Fietsmenu","robots":{"index":"index","follow":"follow","max-snippet":"max-snippet:-1","max-image-preview":"max-image-preview:large","max-video-preview":"max-video-preview:-1"},"canonical":"https:\/\/www.fietsmenu.nl\/de\/information\/","og_locale":"de_DE","og_type":"article","og_title":"Information - Fietsmenu","og_description":"Ausgangspunkt Alle Routen beginnen und enden bei der Gastst\u00e4tte Roodehaan eten &amp; drinken &amp; camping, am Roodehaansterweg 9 in 9963 TC Warfhuizen (17 km n\u00f6rdlich von Groningen). Die Radtouren werden vom 2. Mai bis 29. September 2018 angeboten und starten ab 11.00 Uhr (andere Startzeiten nach Absprache). Fahrradverleih Alle Touren k\u00f6nnen Sie mit Ihrem eigenen [&hellip;]","og_url":"https:\/\/www.fietsmenu.nl\/de\/information\/","og_site_name":"Fietsmenu","article_modified_time":"2018-06-15T10:23:57+00:00","og_image":[{"width":1030,"height":300,"url":"https:\/\/www.fietsmenu.nl\/wp-content\/uploads\/2017\/02\/header_03.jpg","type":"image\/jpeg"}],"twitter_card":"summary_large_image","twitter_misc":{"Gesch\u00e4tzte Lesezeit":"1\u00a0Minute"},"schema":{"@context":"https:\/\/schema.org","@graph":[{"@type":"WebPage","@id":"https:\/\/www.fietsmenu.nl\/de\/information\/","url":"https:\/\/www.fietsmenu.nl\/de\/information\/","name":"Information - Fietsmenu","isPartOf":{"@id":"https:\/\/www.fietsmenu.nl\/de\/#website"},"primaryImageOfPage":{"@id":"https:\/\/www.fietsmenu.nl\/de\/information\/#primaryimage"},"image":{"@id":"https:\/\/www.fietsmenu.nl\/de\/information\/#primaryimage"},"thumbnailUrl":"https:\/\/www.fietsmenu.nl\/wp-content\/uploads\/2017\/02\/header_03.jpg","datePublished":"2018-06-15T10:23:16+00:00","dateModified":"2018-06-15T10:23:57+00:00","breadcrumb":{"@id":"https:\/\/www.fietsmenu.nl\/de\/information\/#breadcrumb"},"inLanguage":"de","potentialAction":[{"@type":"ReadAction","target":["https:\/\/www.fietsmenu.nl\/de\/information\/"]}]},{"@type":"ImageObject","inLanguage":"de","@id":"https:\/\/www.fietsmenu.nl\/de\/information\/#primaryimage","url":"https:\/\/www.fietsmenu.nl\/wp-content\/uploads\/2017\/02\/header_03.jpg","contentUrl":"https:\/\/www.fietsmenu.nl\/wp-content\/uploads\/2017\/02\/header_03.jpg","width":1030,"height":300},{"@type":"BreadcrumbList","@id":"https:\/\/www.fietsmenu.nl\/de\/information\/#breadcrumb","itemListElement":[{"@type":"ListItem","position":1,"name":"Home","item":"https:\/\/www.fietsmenu.nl\/de\/"},{"@type":"ListItem","position":2,"name":"Information"}]},{"@type":"WebSite","@id":"https:\/\/www.fietsmenu.nl\/de\/#website","url":"https:\/\/www.fietsmenu.nl\/de\/","name":"Fietsmenu","description":"Lekker fietsen door het Groninger land","publisher":{"@id":"https:\/\/www.fietsmenu.nl\/de\/#organization"},"potentialAction":[{"@type":"SearchAction","target":{"@type":"EntryPoint","urlTemplate":"https:\/\/www.fietsmenu.nl\/de\/?s={search_term_string}"},"query-input":{"@type":"PropertyValueSpecification","valueRequired":true,"valueName":"search_term_string"}}],"inLanguage":"de"},{"@type":"Organization","@id":"https:\/\/www.fietsmenu.nl\/de\/#organization","name":"Fietsmenu","url":"https:\/\/www.fietsmenu.nl\/de\/","logo":{"@type":"ImageObject","inLanguage":"de","@id":"https:\/\/www.fietsmenu.nl\/de\/#\/schema\/logo\/image\/","url":"https:\/\/www.fietsmenu.nl\/wp-content\/uploads\/2017\/02\/logo_fietsmenu_kl.jpg","contentUrl":"https:\/\/www.fietsmenu.nl\/wp-content\/uploads\/2017\/02\/logo_fietsmenu_kl.jpg","width":448,"height":110,"caption":"Fietsmenu"},"image":{"@id":"https:\/\/www.fietsmenu.nl\/de\/#\/schema\/logo\/image\/"}}]}},"_links":{"self":[{"href":"https:\/\/www.fietsmenu.nl\/de\/wp-json\/wp\/v2\/pages\/225","targetHints":{"allow":["GET"]}}],"collection":[{"href":"https:\/\/www.fietsmenu.nl\/de\/wp-json\/wp\/v2\/pages"}],"about":[{"href":"https:\/\/www.fietsmenu.nl\/de\/wp-json\/wp\/v2\/types\/page"}],"author":[{"embeddable":true,"href":"https:\/\/www.fietsmenu.nl\/de\/wp-json\/wp\/v2\/users\/1"}],"replies":[{"embeddable":true,"href":"https:\/\/www.fietsmenu.nl\/de\/wp-json\/wp\/v2\/comments?post=225"}],"version-history":[{"count":1,"href":"https:\/\/www.fietsmenu.nl\/de\/wp-json\/wp\/v2\/pages\/225\/revisions"}],"predecessor-version":[{"id":226,"href":"https:\/\/www.fietsmenu.nl\/de\/wp-json\/wp\/v2\/pages\/225\/revisions\/226"}],"wp:featuredmedia":[{"embeddable":true,"href":"https:\/\/www.fietsmenu.nl\/de\/wp-json\/wp\/v2\/media\/41"}],"wp:attachment":[{"href":"https:\/\/www.fietsmenu.nl\/de\/wp-json\/wp\/v2\/media?parent=225"}],"curies":[{"name":"wp","href":"https:\/\/api.w.org\/{rel}","templated":true}]}}