{"id":229,"date":"2018-06-15T13:52:33","date_gmt":"2018-06-15T11:52:33","guid":{"rendered":"https:\/\/www.fietsmenu.nl\/?page_id=229\/"},"modified":"2018-06-15T13:53:25","modified_gmt":"2018-06-15T11:53:25","slug":"routen-in-groningen","status":"publish","type":"page","link":"https:\/\/www.fietsmenu.nl\/de\/routen-in-groningen\/","title":{"rendered":"Routen in Groningen"},"content":{"rendered":"<p>Das \u201eFietsmenu\u201c (Fahrradmen\u00fc) ist das ideale Mittel, die Ruhe und den Raum der Groninger Landschaft mit ihren kleinen Radwegen und ruhigen Stra\u00dfen, den einzigartigen (Warft-)D\u00f6rfern und monumentalen Bauernh\u00f6fen sowie die Groninger Gastfreundlichkeit aus n\u00e4chster N\u00e4he kennen zu lernen. Wir laden Sie gerne ein, eine unserer Routen mit dem Rad zu absolvieren.<\/p>\n<p>Das Tempo der Tour bestimmen Sie selbst, schlie\u00dflich ist es Ihr Ausflug.<\/p>\n<p>Der Veranstalter Fietsmenu.nl hat f\u00fcnf fantastische Routen mit jeweils eigenem Charakter zusammengestellt.<\/p>\n<h2>Fietsmenu \u2013 Reitdiep-Route (+\/- 40 km)<\/h2>\n<p>Wer das Gebiet des Reitdieps mit dem Fahrrad erkundet, kann dem Reiz der \u00fcberw\u00e4ltigenden Ruhe und Stille, die dort herrscht, nicht entgehen. Dieses Gebiet, die \u00e4lteste Kulturlandschaft Westeuropas, blickt auf eine lange Geschichte zur\u00fcck. Warften, Deiche, Schleusen und kurvenreiche Stra\u00dfen erz\u00e4hlen die Geschichte der Besiedlung \u00fcber eine Zeitspanne von 2600 Jahren. Kulturliebhaber k\u00f6nnen sich hier verw\u00f6hnen lassen.<\/p>\n<p><a href=\"https:\/\/www.youtube.com\/watch?v=Xd24WeFwS4w\">Hier k\u00f6nnen Sie einen Blick auf die Atmosph\u00e4re im Gebiet des Reitdieps werfen<\/a><\/p>\n<h2>Fietsmenu \u2013 Middag-Humsterland-Route (+\/- 40 km)<\/h2>\n<p>Middag-Humsterland ist der Name der \u201eNationaal Landschap\u201c in der Provinz Groningen (eine \u201eNationaal Landschap\u201c ist ein Gebiet in den Niederlanden mit einer einzigartigen Kombination von agrarischem Gebiet, Natur und Kulturgeschichte). Sie setzt sich aus den Regionen Middag und Humsterland zusammen, unber\u00fchrtem Ackerland und der \u00e4ltesten Kulturlandschaft der Niederlande. Die Stra\u00dfen schl\u00e4ngeln sich durch die Landschaft und man kann den Blick kilometerweit um sich herum schweifen lassen. Hoch auf dem Sattel Ihres Fahrrads entdecken Sie pr\u00e4chtige historische Geh\u00f6fte, verschiedene Burgen und Kirchen.<\/p>\n<p><a href=\"https:\/\/www.youtube.com\/watch?v=_4jZLVoWSlM&amp;feature=youtu.be\">Schauen Sie sich hier den Film \u00fcber Middag-Humsterland an<\/a><\/p>\n<h2>Fietsmenu \u2013 Erdbeben-Route (+\/- 60 km)<\/h2>\n<p>In der Provinz Groningen haben Erdbeben in den letzten Jahren viel Aufregung verursacht. Fietsmenu will jedoch keinesfalls das Elend zeigen, Fietsmenu will vor allem zeigen, wie sch\u00f6n und faszinierend dieser Landstrich ist. Sie fahren durch pittoreske D\u00f6rfer und durch eine offene und weite Landschaft, gepr\u00e4gt durch \u00c4cker und Wiesen.<\/p>\n<p><a href=\"https:\/\/www.youtube.com\/watch?v=ZbyfS8a4N98\">Erleben Sie das Gebiet auf dem Fahrrad<\/a><\/p>\n<h2>Fietsmenu \u2013 Lauwersmeergebiet-Route (+\/- 50\u00a0km)<\/h2>\n<p>Eine der sch\u00f6nsten und unber\u00fchrtesten Naturlandschaften finden Sie im n\u00f6rdlichen Teil der Provinz Groningen. Hier bilden Wattfl\u00e4chen, Warften und W\u00e4lder zusammen mit dem Nationalpark Lauwersmeer das Lauwersland. Hier sind Sie unter einem eindrucksvollen Wolkenhimmel in der Ruhe und Weite der Natur bei seltenen Tieren zu Besuch, lassen Sie sich von dieser einzigartigen landschaftlichen Sch\u00f6nheit \u00fcberraschen.<\/p>\n<p><a href=\"https:\/\/www.np-lauwersmeer.nl\/\">Website Nationalpark Lauwersmeer.v<\/a><\/p>\n<h2>Fietsmenu \u2013 Route der Ode an die Stille (+\/- 45 km)<\/h2>\n<p>Der Leitspruch der Gemeinde De Marne lautet: \u201eHier h\u00f6rt man die Stille noch.\u201c F\u00fcr Fietsmenu der Anlasse, eine Route in einem der stillsten Gebiete mit der niedrigsten Luft- und Lichtverschmutzung der Niederlande abzustecken.\u00a0Sie fahren auf dem Rad durch eine flache, einzigartige Landschaft, entlang der Salzwiesen und \u00fcber die Deiche in beeindruckender landschaftlicher Sch\u00f6nheit und ohrenbet\u00e4ubender Stille.<\/p>\n<p><a href=\"https:\/\/www.youtube.com\/watch?v=jOENaf1oNnc\">Werfen Sie hier einen kurzen Blick auf den Westpolder<\/a><\/p>\n<p>Viele der Radrouten f\u00fchren durch die Gemeinde De Marne, soweit Fietsmenu wei\u00df, die einzige Gemeinde in den Niederlanden ohne Kreisverkehr, ohne Ampeln, ohne Hochspannungsmasten und ohne Autobahnen.<\/p>\n<p>F\u00fcr weitere Informationen und Buchungen:\u00a0<a href=\"mailto:info@fietsmenu.nl\" target=\"_blank\" rel=\"noopener\">info@fietsmenu.nl<\/a>\u00a0oder telefonisch: +31-(0)595-571598 | +31-(0)6-33319752 dieses besondere Arrangement buchen.<\/p>\n","protected":false},"excerpt":{"rendered":"<p>Das \u201eFietsmenu\u201c (Fahrradmen\u00fc) ist das ideale Mittel, die Ruhe und den Raum der Groninger Landschaft mit ihren kleinen Radwegen und ruhigen Stra\u00dfen, den einzigartigen (Warft-)D\u00f6rfern und monumentalen Bauernh\u00f6fen sowie die Groninger Gastfreundlichkeit aus n\u00e4chster N\u00e4he kennen zu lernen. Wir laden Sie gerne ein, eine unserer Routen mit dem Rad zu absolvieren. Das Tempo der Tour [&hellip;]<\/p>\n","protected":false},"author":1,"featured_media":40,"parent":0,"menu_order":0,"comment_status":"closed","ping_status":"closed","template":"","meta":{"footnotes":""},"class_list":["post-229","page","type-page","status-publish","has-post-thumbnail","hentry"],"yoast_head":"<!-- This site is optimized with the Yoast SEO plugin v27.5 - https:\/\/yoast.com\/product\/yoast-seo-wordpress\/ -->\n<title>Routen in Groningen - Fietsmenu<\/title>\n<meta name=\"robots\" content=\"index, follow, max-snippet:-1, max-image-preview:large, max-video-preview:-1\" \/>\n<link rel=\"canonical\" href=\"https:\/\/www.fietsmenu.nl\/de\/routen-in-groningen\/\" \/>\n<meta property=\"og:locale\" content=\"de_DE\" \/>\n<meta property=\"og:type\" content=\"article\" \/>\n<meta property=\"og:title\" content=\"Routen in Groningen - Fietsmenu\" \/>\n<meta property=\"og:description\" content=\"Das \u201eFietsmenu\u201c (Fahrradmen\u00fc) ist das ideale Mittel, die Ruhe und den Raum der Groninger Landschaft mit ihren kleinen Radwegen und ruhigen Stra\u00dfen, den einzigartigen (Warft-)D\u00f6rfern und monumentalen Bauernh\u00f6fen sowie die Groninger Gastfreundlichkeit aus n\u00e4chster N\u00e4he kennen zu lernen. Wir laden Sie gerne ein, eine unserer Routen mit dem Rad zu absolvieren. Das Tempo der Tour [&hellip;]\" \/>\n<meta property=\"og:url\" content=\"https:\/\/www.fietsmenu.nl\/de\/routen-in-groningen\/\" \/>\n<meta property=\"og:site_name\" content=\"Fietsmenu\" \/>\n<meta property=\"article:modified_time\" content=\"2018-06-15T11:53:25+00:00\" \/>\n<meta property=\"og:image\" content=\"https:\/\/www.fietsmenu.nl\/wp-content\/uploads\/2017\/02\/header_05.jpg\" \/>\n\t<meta property=\"og:image:width\" content=\"1030\" \/>\n\t<meta property=\"og:image:height\" content=\"300\" \/>\n\t<meta property=\"og:image:type\" content=\"image\/jpeg\" \/>\n<meta name=\"twitter:card\" content=\"summary_large_image\" \/>\n<meta name=\"twitter:label1\" content=\"Gesch\u00e4tzte Lesezeit\" \/>\n\t<meta name=\"twitter:data1\" content=\"3\u00a0Minuten\" \/>\n<script type=\"application\/ld+json\" class=\"yoast-schema-graph\">{\"@context\":\"https:\\\/\\\/schema.org\",\"@graph\":[{\"@type\":\"WebPage\",\"@id\":\"https:\\\/\\\/www.fietsmenu.nl\\\/de\\\/routen-in-groningen\\\/\",\"url\":\"https:\\\/\\\/www.fietsmenu.nl\\\/de\\\/routen-in-groningen\\\/\",\"name\":\"Routen in Groningen - Fietsmenu\",\"isPartOf\":{\"@id\":\"https:\\\/\\\/www.fietsmenu.nl\\\/de\\\/#website\"},\"primaryImageOfPage\":{\"@id\":\"https:\\\/\\\/www.fietsmenu.nl\\\/de\\\/routen-in-groningen\\\/#primaryimage\"},\"image\":{\"@id\":\"https:\\\/\\\/www.fietsmenu.nl\\\/de\\\/routen-in-groningen\\\/#primaryimage\"},\"thumbnailUrl\":\"https:\\\/\\\/www.fietsmenu.nl\\\/wp-content\\\/uploads\\\/2017\\\/02\\\/header_05.jpg\",\"datePublished\":\"2018-06-15T11:52:33+00:00\",\"dateModified\":\"2018-06-15T11:53:25+00:00\",\"breadcrumb\":{\"@id\":\"https:\\\/\\\/www.fietsmenu.nl\\\/de\\\/routen-in-groningen\\\/#breadcrumb\"},\"inLanguage\":\"de\",\"potentialAction\":[{\"@type\":\"ReadAction\",\"target\":[\"https:\\\/\\\/www.fietsmenu.nl\\\/de\\\/routen-in-groningen\\\/\"]}]},{\"@type\":\"ImageObject\",\"inLanguage\":\"de\",\"@id\":\"https:\\\/\\\/www.fietsmenu.nl\\\/de\\\/routen-in-groningen\\\/#primaryimage\",\"url\":\"https:\\\/\\\/www.fietsmenu.nl\\\/wp-content\\\/uploads\\\/2017\\\/02\\\/header_05.jpg\",\"contentUrl\":\"https:\\\/\\\/www.fietsmenu.nl\\\/wp-content\\\/uploads\\\/2017\\\/02\\\/header_05.jpg\",\"width\":1030,\"height\":300,\"caption\":\"Ode aan de stilte fietsroute\"},{\"@type\":\"BreadcrumbList\",\"@id\":\"https:\\\/\\\/www.fietsmenu.nl\\\/de\\\/routen-in-groningen\\\/#breadcrumb\",\"itemListElement\":[{\"@type\":\"ListItem\",\"position\":1,\"name\":\"Home\",\"item\":\"https:\\\/\\\/www.fietsmenu.nl\\\/de\\\/\"},{\"@type\":\"ListItem\",\"position\":2,\"name\":\"Routen in Groningen\"}]},{\"@type\":\"WebSite\",\"@id\":\"https:\\\/\\\/www.fietsmenu.nl\\\/de\\\/#website\",\"url\":\"https:\\\/\\\/www.fietsmenu.nl\\\/de\\\/\",\"name\":\"Fietsmenu\",\"description\":\"Lekker fietsen door het Groninger land\",\"publisher\":{\"@id\":\"https:\\\/\\\/www.fietsmenu.nl\\\/de\\\/#organization\"},\"potentialAction\":[{\"@type\":\"SearchAction\",\"target\":{\"@type\":\"EntryPoint\",\"urlTemplate\":\"https:\\\/\\\/www.fietsmenu.nl\\\/de\\\/?s={search_term_string}\"},\"query-input\":{\"@type\":\"PropertyValueSpecification\",\"valueRequired\":true,\"valueName\":\"search_term_string\"}}],\"inLanguage\":\"de\"},{\"@type\":\"Organization\",\"@id\":\"https:\\\/\\\/www.fietsmenu.nl\\\/de\\\/#organization\",\"name\":\"Fietsmenu\",\"url\":\"https:\\\/\\\/www.fietsmenu.nl\\\/de\\\/\",\"logo\":{\"@type\":\"ImageObject\",\"inLanguage\":\"de\",\"@id\":\"https:\\\/\\\/www.fietsmenu.nl\\\/de\\\/#\\\/schema\\\/logo\\\/image\\\/\",\"url\":\"https:\\\/\\\/www.fietsmenu.nl\\\/wp-content\\\/uploads\\\/2017\\\/02\\\/logo_fietsmenu_kl.jpg\",\"contentUrl\":\"https:\\\/\\\/www.fietsmenu.nl\\\/wp-content\\\/uploads\\\/2017\\\/02\\\/logo_fietsmenu_kl.jpg\",\"width\":448,\"height\":110,\"caption\":\"Fietsmenu\"},\"image\":{\"@id\":\"https:\\\/\\\/www.fietsmenu.nl\\\/de\\\/#\\\/schema\\\/logo\\\/image\\\/\"}}]}<\/script>\n<!-- \/ Yoast SEO plugin. -->","yoast_head_json":{"title":"Routen in Groningen - Fietsmenu","robots":{"index":"index","follow":"follow","max-snippet":"max-snippet:-1","max-image-preview":"max-image-preview:large","max-video-preview":"max-video-preview:-1"},"canonical":"https:\/\/www.fietsmenu.nl\/de\/routen-in-groningen\/","og_locale":"de_DE","og_type":"article","og_title":"Routen in Groningen - Fietsmenu","og_description":"Das \u201eFietsmenu\u201c (Fahrradmen\u00fc) ist das ideale Mittel, die Ruhe und den Raum der Groninger Landschaft mit ihren kleinen Radwegen und ruhigen Stra\u00dfen, den einzigartigen (Warft-)D\u00f6rfern und monumentalen Bauernh\u00f6fen sowie die Groninger Gastfreundlichkeit aus n\u00e4chster N\u00e4he kennen zu lernen. Wir laden Sie gerne ein, eine unserer Routen mit dem Rad zu absolvieren. Das Tempo der Tour [&hellip;]","og_url":"https:\/\/www.fietsmenu.nl\/de\/routen-in-groningen\/","og_site_name":"Fietsmenu","article_modified_time":"2018-06-15T11:53:25+00:00","og_image":[{"width":1030,"height":300,"url":"https:\/\/www.fietsmenu.nl\/wp-content\/uploads\/2017\/02\/header_05.jpg","type":"image\/jpeg"}],"twitter_card":"summary_large_image","twitter_misc":{"Gesch\u00e4tzte Lesezeit":"3\u00a0Minuten"},"schema":{"@context":"https:\/\/schema.org","@graph":[{"@type":"WebPage","@id":"https:\/\/www.fietsmenu.nl\/de\/routen-in-groningen\/","url":"https:\/\/www.fietsmenu.nl\/de\/routen-in-groningen\/","name":"Routen in Groningen - Fietsmenu","isPartOf":{"@id":"https:\/\/www.fietsmenu.nl\/de\/#website"},"primaryImageOfPage":{"@id":"https:\/\/www.fietsmenu.nl\/de\/routen-in-groningen\/#primaryimage"},"image":{"@id":"https:\/\/www.fietsmenu.nl\/de\/routen-in-groningen\/#primaryimage"},"thumbnailUrl":"https:\/\/www.fietsmenu.nl\/wp-content\/uploads\/2017\/02\/header_05.jpg","datePublished":"2018-06-15T11:52:33+00:00","dateModified":"2018-06-15T11:53:25+00:00","breadcrumb":{"@id":"https:\/\/www.fietsmenu.nl\/de\/routen-in-groningen\/#breadcrumb"},"inLanguage":"de","potentialAction":[{"@type":"ReadAction","target":["https:\/\/www.fietsmenu.nl\/de\/routen-in-groningen\/"]}]},{"@type":"ImageObject","inLanguage":"de","@id":"https:\/\/www.fietsmenu.nl\/de\/routen-in-groningen\/#primaryimage","url":"https:\/\/www.fietsmenu.nl\/wp-content\/uploads\/2017\/02\/header_05.jpg","contentUrl":"https:\/\/www.fietsmenu.nl\/wp-content\/uploads\/2017\/02\/header_05.jpg","width":1030,"height":300,"caption":"Ode aan de stilte fietsroute"},{"@type":"BreadcrumbList","@id":"https:\/\/www.fietsmenu.nl\/de\/routen-in-groningen\/#breadcrumb","itemListElement":[{"@type":"ListItem","position":1,"name":"Home","item":"https:\/\/www.fietsmenu.nl\/de\/"},{"@type":"ListItem","position":2,"name":"Routen in Groningen"}]},{"@type":"WebSite","@id":"https:\/\/www.fietsmenu.nl\/de\/#website","url":"https:\/\/www.fietsmenu.nl\/de\/","name":"Fietsmenu","description":"Lekker fietsen door het Groninger land","publisher":{"@id":"https:\/\/www.fietsmenu.nl\/de\/#organization"},"potentialAction":[{"@type":"SearchAction","target":{"@type":"EntryPoint","urlTemplate":"https:\/\/www.fietsmenu.nl\/de\/?s={search_term_string}"},"query-input":{"@type":"PropertyValueSpecification","valueRequired":true,"valueName":"search_term_string"}}],"inLanguage":"de"},{"@type":"Organization","@id":"https:\/\/www.fietsmenu.nl\/de\/#organization","name":"Fietsmenu","url":"https:\/\/www.fietsmenu.nl\/de\/","logo":{"@type":"ImageObject","inLanguage":"de","@id":"https:\/\/www.fietsmenu.nl\/de\/#\/schema\/logo\/image\/","url":"https:\/\/www.fietsmenu.nl\/wp-content\/uploads\/2017\/02\/logo_fietsmenu_kl.jpg","contentUrl":"https:\/\/www.fietsmenu.nl\/wp-content\/uploads\/2017\/02\/logo_fietsmenu_kl.jpg","width":448,"height":110,"caption":"Fietsmenu"},"image":{"@id":"https:\/\/www.fietsmenu.nl\/de\/#\/schema\/logo\/image\/"}}]}},"_links":{"self":[{"href":"https:\/\/www.fietsmenu.nl\/de\/wp-json\/wp\/v2\/pages\/229","targetHints":{"allow":["GET"]}}],"collection":[{"href":"https:\/\/www.fietsmenu.nl\/de\/wp-json\/wp\/v2\/pages"}],"about":[{"href":"https:\/\/www.fietsmenu.nl\/de\/wp-json\/wp\/v2\/types\/page"}],"author":[{"embeddable":true,"href":"https:\/\/www.fietsmenu.nl\/de\/wp-json\/wp\/v2\/users\/1"}],"replies":[{"embeddable":true,"href":"https:\/\/www.fietsmenu.nl\/de\/wp-json\/wp\/v2\/comments?post=229"}],"version-history":[{"count":1,"href":"https:\/\/www.fietsmenu.nl\/de\/wp-json\/wp\/v2\/pages\/229\/revisions"}],"predecessor-version":[{"id":230,"href":"https:\/\/www.fietsmenu.nl\/de\/wp-json\/wp\/v2\/pages\/229\/revisions\/230"}],"wp:featuredmedia":[{"embeddable":true,"href":"https:\/\/www.fietsmenu.nl\/de\/wp-json\/wp\/v2\/media\/40"}],"wp:attachment":[{"href":"https:\/\/www.fietsmenu.nl\/de\/wp-json\/wp\/v2\/media?parent=229"}],"curies":[{"name":"wp","href":"https:\/\/api.w.org\/{rel}","templated":true}]}}